{"id":1683,"date":"2017-06-08T13:11:11","date_gmt":"2017-06-08T13:11:11","guid":{"rendered":"http:\/\/physics-complex-systems.fr\/?page_id=1683"},"modified":"2017-06-08T13:11:11","modified_gmt":"2017-06-08T13:11:11","slug":"politique-de-confidentialite","status":"publish","type":"page","link":"https:\/\/physics-complex-systems.fr\/en\/politique-de-confidentialite.html","title":{"rendered":"Politique de confidentialit\u00e9"},"content":{"rendered":"<p>[vc_row][vc_column][vc_column_text]<\/p>\n<h1>Politique de confidentialit\u00e9.<\/h1>\n<p><strong>Introduction<\/strong><br \/>\nDevant le d\u00e9veloppement des nouveaux outils de communication, il est n\u00e9cessaire de porter une attention particuli\u00e8re \u00e0 la protection de la vie priv\u00e9e. C&#8217;est pourquoi, nous nous engageons \u00e0 respecter la confidentialit\u00e9 des renseignements personnels que nous collectons.<\/p>\n<hr \/>\n<h2>Collecte des renseignements personnels<\/h2>\n<p>Nous collectons les renseignements suivants :<\/p>\n<ul>\n<li>Nom<\/li>\n<li>Pr\u00e9nom<\/li>\n<li>Adresse postale<\/li>\n<li>Code postal<\/li>\n<li>Adresse \u00e9lectronique<\/li>\n<li>Num\u00e9ro de t\u00e9l\u00e9phone \/ t\u00e9l\u00e9copieur<\/li>\n<li>Genre \/ Sexe<\/li>\n<li>\u00c2ge \/ Date de naissance<\/li>\n<li>Scolarit\u00e9 \/ Formation<\/li>\n<li>Situation familiale<\/li>\n<\/ul>\n<p>Les renseignements personnels que nous collectons sont recueillis au travers de formulaires et gr\u00e2ce \u00e0 l&#8217;interactivit\u00e9 \u00e9tablie entre vous et notre site Web. Nous utilisons \u00e9galement, comme indiqu\u00e9 dans la section suivante, des fichiers t\u00e9moins et\/ou journaux pour r\u00e9unir des informations vous concernant.<\/p>\n<hr \/>\n<h2>Formulaires\u00a0 et interactivit\u00e9:<\/h2>\n<p>Vos renseignements personnels sont collect\u00e9s par le biais de formulaire, \u00e0 savoir :<\/p>\n<ul>\n<li>Formulaire d&#8217;inscription au site Web<\/li>\n<li>Concours<\/li>\n<\/ul>\n<p>Nous utilisons les renseignements ainsi collect\u00e9s pour les finalit\u00e9s suivantes :<\/p>\n<ul>\n<li>Contact<\/li>\n<\/ul>\n<p>Vos renseignements sont \u00e9galement collect\u00e9s par le biais de l&#8217;interactivit\u00e9 pouvant s&#8217;\u00e9tablir entre vous et notre site Web et ce, de la fa\u00e7on suivante:<\/p>\n<ul>\n<li>Contact<\/li>\n<\/ul>\n<p>Nous utilisons les renseignements ainsi collect\u00e9s pour les finalit\u00e9s suivantes :<\/p>\n<ul>\n<li>Correspondance<\/li>\n<\/ul>\n<hr \/>\n<h2>Droit d&#8217;opposition et de retrait<\/h2>\n<p>Nous nous engageons \u00e0 vous offrir un droit d&#8217;opposition et de retrait quant \u00e0 vos renseignements personnels.<br \/>\nLe droit d&#8217;opposition s&#8217;entend comme \u00e9tant la possiblit\u00e9 offerte aux internautes de refuser que leurs renseignements personnels soient utilis\u00e9es \u00e0 certaines fins mentionn\u00e9es lors de la collecte.<\/p>\n<p>Le droit de retrait s&#8217;entend comme \u00e9tant la possiblit\u00e9 offerte aux internautes de demander \u00e0 ce que leurs renseignements personnels ne figurent plus, par exemple, dans une liste de diffusion.<\/p>\n<p>Pour pouvoir exercer ces droits, vous pouvez :<br \/>\nCourriel : emmanuel.trizac@physics-complex-systems.fr<br \/>\nSection du site web : http:\/\/physics-complex-systems.fr\/<\/p>\n<hr \/>\n<h2>Droit d&#8217;acc\u00e8s<\/h2>\n<p>Nous nous engageons \u00e0 reconna\u00eetre un droit d&#8217;acc\u00e8s et de rectification aux personnes concern\u00e9es d\u00e9sireuses de consulter, modifier, voire radier les informations les concernant.<br \/>\nL&#8217;exercice de ce droit se fera :<br \/>\nCode postal : Universit\u00c3\u00a9 Paris-Diderot 5 Rue Thomas Mann, 75013 Paris<br \/>\nCourriel : emmanuel.trizac@physics-complex-systems.fr<br \/>\nT\u00e9l\u00e9phone : 01 57 27 57 27<br \/>\nSection du site web : http:\/\/physics-complex-systems.fr\/<\/p>\n<hr \/>\n<h2>S\u00e9curit\u00e9<\/h2>\n<p>Les renseignements personnels que nous collectons sont conserv\u00e9s dans un environnement s\u00e9curis\u00e9. Les personnes travaillant pour nous sont tenues de respecter la confidentialit\u00e9 de vos informations.<br \/>\nPour assurer la s\u00e9curit\u00e9 de vos renseignements personnels, nous avons recours aux mesures suivantes :<\/p>\n<ul>\n<li>Gestion des acc\u00e8s &#8211; personne autoris\u00e9e<\/li>\n<li>Sauvegarde informatique<\/li>\n<li>Identifiant \/ mot de passe<\/li>\n<li>Pare-feu (Firewalls)<\/li>\n<\/ul>\n<p>Nous nous engageons \u00e0 maintenir un haut degr\u00e9 de confidentialit\u00e9 en int\u00e9grant les derni\u00e8res innovations technologiques permettant d&#8217;assurer la confidentialit\u00e9 de vos transactions. Toutefois, comme aucun m\u00e9canisme n&#8217;offre une s\u00e9curit\u00e9 maximale, une part de risque est toujours pr\u00e9sente lorsque l&#8217;on utilise Internet pour transmettre des renseignements personnels.[\/vc_column_text][\/vc_column][\/vc_row]<\/p>\n","protected":false},"excerpt":{"rendered":"<p>[vc_row][vc_column][vc_column_text] Politique de confidentialit\u00e9. Introduction Devant le d\u00e9veloppement des nouveaux outils de communication, il est n\u00e9cessaire de porter une attention particuli\u00e8re \u00e0 la protection de&#8230;<\/p>\n","protected":false},"author":5,"featured_media":0,"parent":0,"menu_order":0,"comment_status":"closed","ping_status":"closed","template":"","meta":{"footnotes":""},"translation":{"provider":"WPGlobus","version":"2.12.2","language":"en","enabled_languages":["fr","en"],"languages":{"fr":{"title":true,"content":true,"excerpt":false},"en":{"title":false,"content":false,"excerpt":false}}},"_links":{"self":[{"href":"https:\/\/physics-complex-systems.fr\/en\/wp-json\/wp\/v2\/pages\/1683"}],"collection":[{"href":"https:\/\/physics-complex-systems.fr\/en\/wp-json\/wp\/v2\/pages"}],"about":[{"href":"https:\/\/physics-complex-systems.fr\/en\/wp-json\/wp\/v2\/types\/page"}],"author":[{"embeddable":true,"href":"https:\/\/physics-complex-systems.fr\/en\/wp-json\/wp\/v2\/users\/5"}],"replies":[{"embeddable":true,"href":"https:\/\/physics-complex-systems.fr\/en\/wp-json\/wp\/v2\/comments?post=1683"}],"version-history":[{"count":2,"href":"https:\/\/physics-complex-systems.fr\/en\/wp-json\/wp\/v2\/pages\/1683\/revisions"}],"predecessor-version":[{"id":4247,"href":"https:\/\/physics-complex-systems.fr\/en\/wp-json\/wp\/v2\/pages\/1683\/revisions\/4247"}],"wp:attachment":[{"href":"https:\/\/physics-complex-systems.fr\/en\/wp-json\/wp\/v2\/media?parent=1683"}],"curies":[{"name":"wp","href":"https:\/\/api.w.org\/{rel}","templated":true}]}}