{"id":2,"date":"2017-05-16T16:51:19","date_gmt":"2017-05-16T16:51:19","guid":{"rendered":"http:\/\/physics-complex-systems.fr\/?page_id=2"},"modified":"2023-11-15T12:28:02","modified_gmt":"2023-11-15T12:28:02","slug":"accueil","status":"publish","type":"page","link":"https:\/\/physics-complex-systems.fr\/en\/","title":{"rendered":"Home"},"content":{"rendered":"<p>[\/vc_column_text][\/vc_column][\/vc_row][vc_row el_class=&#8221;accueil&#8221;][vc_column][vc_column_text]<strong>The international Master \u00ab\u00a0Physics of Complex Systems\u00a0\u00bb<\/strong> (i-PCS) is a two-year French-Italian program (M1 &amp; M2), jointly operated by <span class=\"s1\"> <em><a href=\"https:\/\/sciences.sorbonne-universite.fr\/\">Sorbonne Universit\u00e9<\/a>, <a href=\"https:\/\/u-paris.fr\/en\/\">Universit\u00e9 Paris Cit\u00e9<\/a><\/em> and <em><a href=\"https:\/\/www.universite-paris-saclay.fr\/en\">Universit\u00e9 Paris Saclay<\/a><\/em>, together with <a href=\"https:\/\/www.polito.it\/\"><em>Politecnico de Turin<\/em><\/a>, <a href=\"https:\/\/www.sissa.it\/\"><em>SISSA<\/em><\/a> (Trieste) and<em> <a href=\"https:\/\/www.ictp.it\/\">ICTP<\/a><\/em> (Trieste)<\/span>. It is possible to join the Complex System master at the M2 level.<\/p>\n<p>The goal is to provide a state-of-the-art research-oriented education in fundamental physics. Complex systems are thereby studied with the tools of statistical physics at or out-of equilibrium, field theory, stochastic processes, dynamical systems, non-linear physics, inference techniques and computational approaches. These systems encompass complex networks, active matter, the interface between social sciences and physics, soft matter, biological systems, complexity in the quantum realm, or questions raised in the context of \u00ab\u00a0big data\u00a0\u00bb and \u00ab\u00a0machine learning\u00a0\u00bb.[\/vc_column_text][\/vc_column][\/vc_row][vc_row gap=&#8221;25&#8243; equal_height=&#8221;yes&#8221; el_class=&#8221;accueil&#8221; css=&#8221;.vc_custom_1498166269533{padding-right: 15px !important;padding-left: 15px !important;}&#8221;][vc_column][vc_row_inner][vc_column_inner width=&#8221;1\/2&#8243;][vc_single_image image=&#8221;370&#8243; img_size=&#8221;full&#8221; onclick=&#8221;custom_link&#8221; img_link_target=&#8221;_blank&#8221; link=&#8221;https:\/\/physics-complex-systems.fr\/candidature.html&#8221;][vc_column_text]<\/p>\n<p class=\"p1\"><strong>You may attend the M1 &amp; M2 international &#8220;Physics of Complex Systems&#8221; (i-PCS) program<\/strong> in Paris and in Italy (M1-S1 in Paris or in Trieste, M1-S2 in Turin, M2-S1 in Paris and M2-S2 in Trieste). All courses are delivered in English. You obtain a double Italian-French degree. A small amount of additional\u00a0<a href=\"http:\/\/areeweb.polito.it\/didattica\/pcs\/ingresso.htm\" target=\"_blank\" rel=\"noopener\">integrative exam<\/a>\u00a0allow to obtain the engineer diploma of the Politecnico di Torino (Italy).<\/p>\n<p>[\/vc_column_text][\/vc_column_inner][vc_column_inner width=&#8221;1\/2&#8243;][vc_single_image image=&#8221;2166&#8243; img_size=&#8221;full&#8221; onclick=&#8221;custom_link&#8221; img_link_target=&#8221;_blank&#8221; link=&#8221;https:\/\/physics-complex-systems.fr\/candidature.html&#8221;][vc_column_text]<strong>You can directly attend the M2 year &#8220;Physics of Complex Systems&#8221; (PCS) in Paris<\/strong>. The first semester is common with the international i-PCS Master. All courses are delivered in English.<\/p>\n<p class=\"p1\"><span class=\"s1\">\u00a0<\/span><\/p>\n<p>[\/vc_column_text][\/vc_column_inner][\/vc_row_inner][\/vc_column][\/vc_row][vc_row el_class=&#8221;accueil&#8221;][vc_column][vc_column_text]<strong>The international Master \u00ab\u00a0Physics of Complex Systems\u00a0\u00bb<\/strong> (i-PCS) is a two-year French-Italian program (M1 &amp; M2), jointly operated by <span class=\"s1\"> <em><a href=\"https:\/\/sciences.sorbonne-universite.fr\/\">Sorbonne Universit\u00e9<\/a>, <a href=\"https:\/\/u-paris.fr\/en\/\">Universit\u00e9 Paris Cit\u00e9<\/a><\/em> and <em><a href=\"https:\/\/www.universite-paris-saclay.fr\/en\">Universit\u00e9 Paris Saclay<\/a><\/em>, together with <a href=\"https:\/\/www.polito.it\/\"><em>Politecnico de Turin<\/em><\/a>, <a href=\"https:\/\/www.sissa.it\/\"><em>SISSA<\/em><\/a> (Trieste) and<em> <a href=\"https:\/\/www.ictp.it\/\">ICTP<\/a><\/em> (Trieste)<\/span>. It is possible to join the Complex System master at the M2 level.<\/p>\n<p>The goal is to provide a state-of-the-art research-oriented education in fundamental physics. Complex systems are thereby studied with the tools of statistical physics at or out-of equilibrium, field theory, stochastic processes, dynamical systems, non-linear physics, inference techniques and computational approaches. These systems encompass complex networks, active matter, the interface between social sciences and physics, soft matter, biological systems, complexity in the quantum realm, or questions raised in the context of \u00ab\u00a0big data\u00a0\u00bb and \u00ab\u00a0machine learning\u00a0\u00bb.[\/vc_column_text][\/vc_column][\/vc_row][vc_row gap=&#8221;25&#8243; equal_height=&#8221;yes&#8221; el_class=&#8221;accueil&#8221; css=&#8221;.vc_custom_1498166269533{padding-right: 15px !important;padding-left: 15px !important;}&#8221;][vc_column][vc_row_inner][vc_column_inner width=&#8221;1\/2&#8243;][vc_single_image image=&#8221;370&#8243; img_size=&#8221;full&#8221; onclick=&#8221;custom_link&#8221; img_link_target=&#8221;_blank&#8221; link=&#8221;https:\/\/physics-complex-systems.fr\/candidature.html&#8221;][vc_column_text]<\/p>\n<p class=\"p1\"><strong>You may attend the M1 &amp; M2 international &#8220;Physics of Complex Systems&#8221; (i-PCS) program<\/strong> in Paris and in Italy (M1-S1 in Paris or in Trieste, M1-S2 in Turin, M2-S1 in Paris and M2-S2 in Trieste). All courses are delivered in English. You obtain a double Italian-French degree. A small amount of additional\u00a0<a href=\"http:\/\/areeweb.polito.it\/didattica\/pcs\/ingresso.htm\" target=\"_blank\" rel=\"noopener\">integrative exam<\/a>\u00a0allow to obtain the engineer diploma of the Politecnico di Torino (Italy).<\/p>\n<p>[\/vc_column_text][\/vc_column_inner][vc_column_inner width=&#8221;1\/2&#8243;][vc_single_image image=&#8221;2166&#8243; img_size=&#8221;full&#8221; onclick=&#8221;custom_link&#8221; img_link_target=&#8221;_blank&#8221; link=&#8221;https:\/\/physics-complex-systems.fr\/candidature.html&#8221;][vc_column_text]<strong>You can directly attend the M2 year &#8220;Physics of Complex Systems&#8221; (PCS) in Paris<\/strong>. The first semester is common with the international i-PCS Master. All courses are delivered in English.<\/p>\n<p class=\"p1\"><span class=\"s1\">\u00a0<\/span><\/p>\n<p>[\/vc_column_text][\/vc_column_inner][\/vc_row_inner][\/vc_column][\/vc_row][vc_column][\/vc_column][vc_column][\/vc_column][vc_column][\/vc_column][vc_column][\/vc_column][vc_column][\/vc_column][vc_column][\/vc_column][vc_column][\/vc_column][vc_column][\/vc_column][vc_column][\/vc_column][vc_column][\/vc_column][vc_column][\/vc_column][vc_row el_class=&#8221;accueil&#8221;][vc_column][vc_column_text]<strong>The international Master \u00ab\u00a0Physics of Complex Systems\u00a0\u00bb<\/strong> (i-PCS) is a two-year French-Italian program (M1 &amp; M2), jointly operated by <span class=\"s1\"> <em><a href=\"https:\/\/sciences.sorbonne-universite.fr\/\">Sorbonne Universit\u00e9<\/a>, <a href=\"https:\/\/u-paris.fr\/en\/\">Universit\u00e9 Paris Cit\u00e9<\/a><\/em> and <em><a href=\"https:\/\/www.universite-paris-saclay.fr\/en\">Universit\u00e9 Paris Saclay<\/a><\/em>, together with <a href=\"https:\/\/www.polito.it\/\"><em>Politecnico de Turin<\/em><\/a>, <a href=\"https:\/\/www.sissa.it\/\"><em>SISSA<\/em><\/a> (Trieste) and<em> <a href=\"https:\/\/www.ictp.it\/\">ICTP<\/a><\/em> (Trieste)<\/span>. It is possible to join the Complex System master at the M2 level.<\/p>\n<p>The goal is to provide a state-of-the-art research-oriented education in fundamental physics. Complex systems are thereby studied with the tools of statistical physics at or out-of equilibrium, field theory, stochastic processes, dynamical systems, non-linear physics, inference techniques and computational approaches. These systems encompass complex networks, active matter, the interface between social sciences and physics, soft matter, biological systems, complexity in the quantum realm, or questions raised in the context of \u00ab\u00a0big data\u00a0\u00bb and \u00ab\u00a0machine learning\u00a0\u00bb.[\/vc_column_text][\/vc_column][\/vc_row][vc_row gap=&#8221;25&#8243; equal_height=&#8221;yes&#8221; el_class=&#8221;accueil&#8221; css=&#8221;.vc_custom_1498166269533{padding-right: 15px !important;padding-left: 15px !important;}&#8221;][vc_column][vc_row_inner][vc_column_inner width=&#8221;1\/2&#8243;][vc_single_image image=&#8221;370&#8243; img_size=&#8221;full&#8221; onclick=&#8221;custom_link&#8221; img_link_target=&#8221;_blank&#8221; link=&#8221;https:\/\/physics-complex-systems.fr\/candidature.html&#8221;][vc_column_text]<\/p>\n<p class=\"p1\"><strong>You may attend the M1 &amp; M2 international &#8220;Physics of Complex Systems&#8221; (i-PCS) program<\/strong> in Paris and in Italy (M1-S1 in Paris or in Trieste, M1-S2 in Turin, M2-S1 in Paris and M2-S2 in Trieste). All courses are delivered in English. You obtain a double Italian-French degree. A small amount of additional\u00a0<a href=\"http:\/\/areeweb.polito.it\/didattica\/pcs\/ingresso.htm\" target=\"_blank\" rel=\"noopener\">integrative exam<\/a>\u00a0allow to obtain the engineer diploma of the Politecnico di Torino (Italy).<\/p>\n<p>[\/vc_column_text][\/vc_column_inner][vc_column_inner width=&#8221;1\/2&#8243;][vc_single_image image=&#8221;2166&#8243; img_size=&#8221;full&#8221; onclick=&#8221;custom_link&#8221; img_link_target=&#8221;_blank&#8221; link=&#8221;https:\/\/physics-complex-systems.fr\/candidature.html&#8221;][vc_column_text]<strong>You can directly attend the M2 year &#8220;Physics of Complex Systems&#8221; (PCS) in Paris<\/strong>. The first semester is common with the international i-PCS Master. All courses are delivered in English.<\/p>\n<p class=\"p1\"><span class=\"s1\">\u00a0<\/span><\/p>\n<p>[\/vc_column_text][\/vc_column_inner][\/vc_row_inner][\/vc_column][\/vc_row][vc_column][\/vc_column][vc_column][\/vc_column][vc_column][\/vc_column][vc_column][\/vc_column][vc_column][\/vc_column][vc_column][\/vc_column][vc_row el_class=&#8221;accueil&#8221;][vc_column][vc_column_text]<strong>The international Master \u00ab\u00a0Physics of Complex Systems\u00a0\u00bb<\/strong> (i-PCS) is a two-year French-Italian program (M1 &amp; M2), jointly operated by <span class=\"s1\"> <em><a href=\"https:\/\/sciences.sorbonne-universite.fr\/\">Sorbonne Universit\u00e9<\/a>, <a href=\"https:\/\/u-paris.fr\/en\/\">Universit\u00e9 Paris Cit\u00e9<\/a><\/em> and <em><a href=\"https:\/\/www.universite-paris-saclay.fr\/en\">Universit\u00e9 Paris Saclay<\/a><\/em>, together with <a href=\"https:\/\/www.polito.it\/\"><em>Politecnico de Turin<\/em><\/a>, <a href=\"https:\/\/www.sissa.it\/\"><em>SISSA<\/em><\/a> (Trieste) and<em> <a href=\"https:\/\/www.ictp.it\/\">ICTP<\/a><\/em> (Trieste)<\/span>. It is possible to join the Complex System master at the M2 level.<\/p>\n<p>The goal is to provide a state-of-the-art research-oriented education in fundamental physics. Complex systems are thereby studied with the tools of statistical physics at or out-of equilibrium, field theory, stochastic processes, dynamical systems, non-linear physics, inference techniques and computational approaches. These systems encompass complex networks, active matter, the interface between social sciences and physics, soft matter, biological systems, complexity in the quantum realm, or questions raised in the context of \u00ab\u00a0big data\u00a0\u00bb and \u00ab\u00a0machine learning\u00a0\u00bb.[\/vc_column_text][\/vc_column][\/vc_row][vc_row gap=&#8221;25&#8243; equal_height=&#8221;yes&#8221; el_class=&#8221;accueil&#8221; css=&#8221;.vc_custom_1498166269533{padding-right: 15px !important;padding-left: 15px !important;}&#8221;][vc_column][vc_row_inner][vc_column_inner width=&#8221;1\/2&#8243;][vc_single_image image=&#8221;370&#8243; img_size=&#8221;full&#8221; onclick=&#8221;custom_link&#8221; img_link_target=&#8221;_blank&#8221; link=&#8221;https:\/\/physics-complex-systems.fr\/candidature.html&#8221;][vc_column_text]<\/p>\n<p class=\"p1\"><strong>You may attend the M1 &amp; M2 international &#8220;Physics of Complex Systems&#8221; (i-PCS) program<\/strong> in Paris and in Italy (M1-S1 in Paris or in Trieste, M1-S2 in Turin, M2-S1 in Paris and M2-S2 in Trieste). All courses are delivered in English. You obtain a double Italian-French degree. A small amount of additional\u00a0<a href=\"http:\/\/areeweb.polito.it\/didattica\/pcs\/ingresso.htm\" target=\"_blank\" rel=\"noopener\">integrative exam<\/a>\u00a0allow to obtain the engineer diploma of the Politecnico di Torino (Italy).<\/p>\n<p>[\/vc_column_text][\/vc_column_inner][vc_column_inner width=&#8221;1\/2&#8243;][vc_single_image image=&#8221;2166&#8243; img_size=&#8221;full&#8221; onclick=&#8221;custom_link&#8221; img_link_target=&#8221;_blank&#8221; link=&#8221;https:\/\/physics-complex-systems.fr\/candidature.html&#8221;][vc_column_text]<strong>You can directly attend the M2 year &#8220;Physics of Complex Systems&#8221; (PCS) in Paris<\/strong>. The first semester is common with the international i-PCS Master. All courses are delivered in English.<\/p>\n<p class=\"p1\"><span class=\"s1\">\u00a0<\/span><\/p>\n<p>[\/vc_column_text][\/vc_column_inner][\/vc_row_inner][\/vc_column][\/vc_row][vc_row el_class=&#8221;accueil&#8221;][vc_column][vc_column_text]<strong>The international Master \u00ab\u00a0Physics of Complex Systems\u00a0\u00bb<\/strong> (i-PCS) is a two-year French-Italian program (M1 &amp; M2), jointly operated by <span class=\"s1\"> <em><a href=\"https:\/\/sciences.sorbonne-universite.fr\/\">Sorbonne Universit\u00e9<\/a>, <a href=\"https:\/\/u-paris.fr\/en\/\">Universit\u00e9 Paris Cit\u00e9<\/a><\/em> and <em><a href=\"https:\/\/www.universite-paris-saclay.fr\/en\">Universit\u00e9 Paris Saclay<\/a><\/em>, together with <a href=\"https:\/\/www.polito.it\/\"><em>Politecnico de Turin<\/em><\/a>, <a href=\"https:\/\/www.sissa.it\/\"><em>SISSA<\/em><\/a> (Trieste) and<em> <a href=\"https:\/\/www.ictp.it\/\">ICTP<\/a><\/em> (Trieste)<\/span>. It is possible to join the Complex System master at the M2 level.<\/p>\n<p>The goal is to provide a state-of-the-art research-oriented education in fundamental physics. Complex systems are thereby studied with the tools of statistical physics at or out-of equilibrium, field theory, stochastic processes, dynamical systems, non-linear physics, inference techniques and computational approaches. These systems encompass complex networks, active matter, the interface between social sciences and physics, soft matter, biological systems, complexity in the quantum realm, or questions raised in the context of \u00ab\u00a0big data\u00a0\u00bb and \u00ab\u00a0machine learning\u00a0\u00bb.[\/vc_column_text][\/vc_column][\/vc_row][vc_row gap=&#8221;25&#8243; equal_height=&#8221;yes&#8221; el_class=&#8221;accueil&#8221; css=&#8221;.vc_custom_1498166269533{padding-right: 15px !important;padding-left: 15px !important;}&#8221;][vc_column][vc_row_inner][vc_column_inner width=&#8221;1\/2&#8243;][vc_single_image image=&#8221;370&#8243; img_size=&#8221;full&#8221; onclick=&#8221;custom_link&#8221; img_link_target=&#8221;_blank&#8221; link=&#8221;https:\/\/physics-complex-systems.fr\/candidature.html&#8221;][vc_column_text]<\/p>\n<p class=\"p1\"><strong>You may attend the M1 &amp; M2 international &#8220;Physics of Complex Systems&#8221; (i-PCS) program<\/strong> in Paris and in Italy (M1-S1 in Paris or in Trieste, M1-S2 in Turin, M2-S1 in Paris and M2-S2 in Trieste). All courses are delivered in English. You obtain a double Italian-French degree. A small amount of additional\u00a0<a href=\"http:\/\/areeweb.polito.it\/didattica\/pcs\/ingresso.htm\" target=\"_blank\" rel=\"noopener\">integrative exam<\/a>\u00a0allow to obtain the engineer diploma of the Politecnico di Torino (Italy).<\/p>\n<p>[\/vc_column_text][\/vc_column_inner][vc_column_inner width=&#8221;1\/2&#8243;][vc_single_image image=&#8221;2166&#8243; img_size=&#8221;full&#8221; onclick=&#8221;custom_link&#8221; img_link_target=&#8221;_blank&#8221; link=&#8221;https:\/\/physics-complex-systems.fr\/candidature.html&#8221;][vc_column_text]<strong>You can directly attend the M2 year &#8220;Physics of Complex Systems&#8221; (PCS) in Paris<\/strong>. The first semester is common with the international i-PCS Master. All courses are delivered in English.<\/p>\n<p class=\"p1\"><span class=\"s1\">\u00a0<\/span><\/p>\n<p>[\/vc_column_text][\/vc_column_inner][\/vc_row_inner][\/vc_column][\/vc_row][vc_column][\/vc_column][vc_column][\/vc_column][vc_column][\/vc_column][vc_column][\/vc_column][vc_column][\/vc_column][vc_column][\/vc_column][vc_column][\/vc_column][vc_column][\/vc_column][vc_column][\/vc_column][vc_column][\/vc_column][vc_column][\/vc_column]<\/p>\n","protected":false},"excerpt":{"rendered":"<p>[\/vc_column_text][\/vc_column][\/vc_row][vc_row el_class=&#8221;accueil&#8221;][vc_column][vc_column_text]The international Master \u00ab\u00a0Physics of Complex Systems\u00a0\u00bb (i-PCS) is a two-year French-Italian program (M1 &amp; M2), jointly operated by Sorbonne Universit\u00e9, Universit\u00e9 Paris Cit\u00e9&#8230;<\/p>\n","protected":false},"author":5,"featured_media":0,"parent":0,"menu_order":0,"comment_status":"closed","ping_status":"open","template":"","meta":{"footnotes":""},"translation":{"provider":"WPGlobus","version":"2.12.2","language":"en","enabled_languages":["fr","en"],"languages":{"fr":{"title":true,"content":true,"excerpt":false},"en":{"title":true,"content":true,"excerpt":false}}},"_links":{"self":[{"href":"https:\/\/physics-complex-systems.fr\/en\/wp-json\/wp\/v2\/pages\/2"}],"collection":[{"href":"https:\/\/physics-complex-systems.fr\/en\/wp-json\/wp\/v2\/pages"}],"about":[{"href":"https:\/\/physics-complex-systems.fr\/en\/wp-json\/wp\/v2\/types\/page"}],"author":[{"embeddable":true,"href":"https:\/\/physics-complex-systems.fr\/en\/wp-json\/wp\/v2\/users\/5"}],"replies":[{"embeddable":true,"href":"https:\/\/physics-complex-systems.fr\/en\/wp-json\/wp\/v2\/comments?post=2"}],"version-history":[{"count":147,"href":"https:\/\/physics-complex-systems.fr\/en\/wp-json\/wp\/v2\/pages\/2\/revisions"}],"predecessor-version":[{"id":7673,"href":"https:\/\/physics-complex-systems.fr\/en\/wp-json\/wp\/v2\/pages\/2\/revisions\/7673"}],"wp:attachment":[{"href":"https:\/\/physics-complex-systems.fr\/en\/wp-json\/wp\/v2\/media?parent=2"}],"curies":[{"name":"wp","href":"https:\/\/api.w.org\/{rel}","templated":true}]}}