{"id":352,"date":"2017-05-19T16:02:26","date_gmt":"2017-05-19T16:02:26","guid":{"rendered":"http:\/\/physics-complex-systems.fr\/?page_id=352"},"modified":"2025-09-09T14:16:50","modified_gmt":"2025-09-09T14:16:50","slug":"candidature","status":"publish","type":"page","link":"https:\/\/physics-complex-systems.fr\/en\/candidature.html","title":{"rendered":"Candidatures"},"content":{"rendered":"<p>[vc_row full_height=&#8221;yes&#8221; columns_placement=&#8221;top&#8221; content_placement=&#8221;top&#8221; css=&#8221;.vc_custom_1496071461711{padding-bottom: 390px !important;background-image: url(http:\/\/physics-complex-systems.fr\/wp-content\/uploads\/2017\/05\/fond-cursus2-1.jpg?id=527) !important;background-position: 0 0 !important;background-repeat: no-repeat !important;}&#8221; el_class=&#8221;candidatures&#8221;][vc_column][vc_empty_space height=&#8221;20px&#8221;][vc_row_inner][vc_column_inner][vc_column_text]<\/p>\n<h3><span style=\"color: #ffff00;\"><u>Apply to M1 level:<\/u><\/span><\/h3>\n<h4><span style=\"color: #ffffff;\">For entry at the M1 level in the international track (M1+M2, &#8220;i-PCS master&#8221;), you should have a L3, or equivalent, of fundamental physics.<br \/>\n<\/span><\/h4>\n<h5><span style=\"color: #fe642e;\"><br \/>\nSTUDENTS APPLYING FOR THE M1 LEVEL SHOULD SEND THEIR APPLICATION AS EARLY AS POSSIBLE (<strong><u>BEFORE MID MARCH<\/u><\/strong>)<br \/>\n<\/span><\/h5>\n<p><span style=\"color: #ffffff;\">Include the following documents (preferably in a <span style=\"color: #00ffff;\"><strong>unique PDF file NAME_Firstname_Appli-M1PCS_date.pdf<\/strong><\/span>):<\/span><br \/>\n<span style=\"color: #ffffff;\">&#8211; Curriculum Vitae<\/span><br \/>\n<span style=\"color: #ffffff;\">&#8211; Results of L2 and L3 (even if temporary for L3)<\/span><br \/>\n<span style=\"color: #ffffff;\">&#8211; Motivation\/cover letter<\/span><br \/>\n<span style=\"color: #ffffff;\">&#8211; The name and email of two referents (professors, intership coordinators, etc.) who may be subsequently contacted for recommendations<\/span><\/p>\n<h5><span style=\"color: #fe642e;\">SEND YOUR APPLICATION TO : <\/span><\/h5>\n<p><a style=\"color: #33e9ff;\" href=\"mailto:physics.complex.systems@gmail.com\">physics.complex.systems(at)gmail.com<\/a>.<\/p>\n<p><span style=\"color: #ffcc99;\"><br \/>\n<strong>Remark:<\/strong> <span style=\"color: #00ffff;\"><strong>Only students already in a French University at L3 level can apply in France for M1<\/strong><\/span>.<br \/>\nOtherwise, application should be made directly to Politecnico (see the <a style=\"color: #ffcc99;\" href=\"https:\/\/www.polito.it\/en\/education\/applying-studying-graduating\/admissions-and-enrolment\/master-s-degree-programmes\">Politecnico&#8217;s Master Application webpage<\/a>) <\/span>[\/vc_column_text][vc_column_text]<\/p>\n<h3><span style=\"color: #ffff00;\"><u>Apply to M2 level:<\/u><\/span><\/h3>\n<h4><span style=\"color: #ffffff;\">For entry at the M2 level, in the PCS master, you should have a M1, or equivalent, of fundamental physics.<br \/>\n<\/span><\/h4>\n<h5><span style=\"color: #fe642e;\"><br \/>\nStudents applying for the M2 level should send their applications <strong><u>before May 1rst<\/u><\/strong> WITH AVAILABLE RESULTS :<br \/>\n<\/span><\/h5>\n<p><span style=\"color: #ffffff;\">Include the following documents (preferably in a <span style=\"color: #00ffff;\"><strong>unique PDF file NAME_Firstname_AppliPCS_date.pdf<\/strong><\/span>):<\/span><br \/>\n<span style=\"color: #ffffff;\">&#8211; Curriculum Vitae<\/span><br \/>\n<span style=\"color: #ffffff;\">&#8211; Results of L3\/M1 (even if temporary for M1)<\/span><br \/>\n<span style=\"color: #ffffff;\">&#8211; Motivation\/cover letter<\/span><br \/>\n<span style=\"color: #ffffff;\">&#8211; The name and email of two referents (professors, intership coordinators, etc.) who may be subsequently contacted for recommendations<\/span><br \/>\n<span style=\"color: #ffffff;\">(- Recommendation letter, not mandatory)<\/span><\/p>\n<p><span style=\"color: #ffffff;\">Whatever your home university or school, send your application by E-mail to <a style=\"color: #33e9ff;\" href=\"mailto:physics.complex.systems@gmail.com\">physics.complex.systems(at)gmail.com<\/a>.<\/span><\/p>\n<h5><span style=\"color: #fe642e;\"><br \/>\nFor applications submitted after May 1rst, a second admission jury will be held at the end of June. This second session will also decide for those candidates put on the waiting list after the first jury. Deadline: <strong>June 28<\/strong>.<br \/>\n<\/span><\/h5>\n<p>[\/vc_column_text][vc_separator class=&#8221;moins-hr&#8221;][vc_column_text]<span style=\"color: #ffffff;\"><em>Students who already submitted an application through <a style=\"color: #ffffff;\" href=\"http:\/\/sciences.sorbonne-universite.fr\/formation-sciences\/candidatures-et-inscriptions\/\" target=\"_blank\" rel=\"noopener noreferrer\"><span style=\"color: #3366ff;\"><span style=\"color: #00ffff;\">Sorbonne Universit\u00e9<\/span><\/span><\/a>, <a href=\"https:\/\/ecandidat.app.u-paris.fr\/sciences1\/#!accueilView\" target=\"_blank\" rel=\"noopener noreferrer\"><span style=\"color: #00ffff;\">Universit\u00e9 Paris Cit\u00e9<\/span><\/a>, or <a style=\"color: #ffffff;\" href=\"https:\/\/www.universite-paris-saclay.fr\/en\/admissions\/masters-applications-and-enrolment\" target=\"_blank\" rel=\"noopener noreferrer\"><span style=\"color: #00ffff;\">Universit\u00e9 Paris Saclay<\/span><\/a> web sites are asked to nevertheless follow the procedure outlined here. Those who will be selected will be enrolled in one of the three Paris Universities. Then for formal\/administrative reasons, those who will be chosen to become Sorbonne Universit\u00e9, Universit\u00e9 Paris Cit\u00e9 or Universit\u00e9 Paris Saclay students will have to complete the admission procedure on the corresponding university web site:<\/em><\/span><br \/>\n<a href=\"http:\/\/sciences.sorbonne-universite.fr\/formation-sciences\/candidatures-et-inscriptions\/\" target=\"_blank\" rel=\"noopener noreferrer\"><span style=\"color: #00ffff;\"> <em>* Sorbonne Universit\u00e9<\/em><\/span><\/a><br \/>\n<a href=\"https:\/\/ecandidat.app.u-paris.fr\/sciences1\/#!accueilView\" target=\"_blank\" rel=\"noopener noreferrer\"><span style=\"color: #00ffff;\"> <em>* Universit\u00e9 Paris Cit\u00e9<\/em><\/span><\/a><br \/>\n<a href=\"https:\/\/www.universite-paris-saclay.fr\/en\/admissions\/masters-applications-and-enrolment\" target=\"_blank\" rel=\"noopener noreferrer\"><span style=\"color: #00ffff;\"> <em>* Universit\u00e9 Paris Saclay<\/em><\/span><\/a>[\/vc_column_text][\/vc_column_inner][\/vc_row_inner][\/vc_column][\/vc_row][vc_row][vc_column][\/vc_column][\/vc_row][vc_row][vc_column][\/vc_column][\/vc_row][vc_row][vc_column][vc_column_text][\/vc_column_text][\/vc_column][\/vc_row]<\/p>\n","protected":false},"excerpt":{"rendered":"<p>[vc_row full_height=&#8221;yes&#8221; columns_placement=&#8221;top&#8221; content_placement=&#8221;top&#8221; css=&#8221;.vc_custom_1496071461711{padding-bottom: 390px !important;background-image: url(http:\/\/physics-complex-systems.fr\/wp-content\/uploads\/2017\/05\/fond-cursus2-1.jpg?id=527) !important;background-position: 0 0 !important;background-repeat: no-repeat !important;}&#8221; el_class=&#8221;candidatures&#8221;][vc_column][vc_empty_space height=&#8221;20px&#8221;][vc_row_inner][vc_column_inner][vc_column_text] Apply to M1 level: For entry at the M1&#8230;<\/p>\n","protected":false},"author":5,"featured_media":0,"parent":0,"menu_order":0,"comment_status":"closed","ping_status":"closed","template":"","meta":{"footnotes":""},"translation":{"provider":"WPGlobus","version":"2.12.2","language":"en","enabled_languages":["fr","en"],"languages":{"fr":{"title":true,"content":true,"excerpt":false},"en":{"title":false,"content":false,"excerpt":false}}},"_links":{"self":[{"href":"https:\/\/physics-complex-systems.fr\/en\/wp-json\/wp\/v2\/pages\/352"}],"collection":[{"href":"https:\/\/physics-complex-systems.fr\/en\/wp-json\/wp\/v2\/pages"}],"about":[{"href":"https:\/\/physics-complex-systems.fr\/en\/wp-json\/wp\/v2\/types\/page"}],"author":[{"embeddable":true,"href":"https:\/\/physics-complex-systems.fr\/en\/wp-json\/wp\/v2\/users\/5"}],"replies":[{"embeddable":true,"href":"https:\/\/physics-complex-systems.fr\/en\/wp-json\/wp\/v2\/comments?post=352"}],"version-history":[{"count":126,"href":"https:\/\/physics-complex-systems.fr\/en\/wp-json\/wp\/v2\/pages\/352\/revisions"}],"predecessor-version":[{"id":7615,"href":"https:\/\/physics-complex-systems.fr\/en\/wp-json\/wp\/v2\/pages\/352\/revisions\/7615"}],"wp:attachment":[{"href":"https:\/\/physics-complex-systems.fr\/en\/wp-json\/wp\/v2\/media?parent=352"}],"curies":[{"name":"wp","href":"https:\/\/api.w.org\/{rel}","templated":true}]}}